{"id":2,"date":"2025-10-06T11:16:05","date_gmt":"2025-10-06T08:16:05","guid":{"rendered":"https:\/\/myynti.competencex.fi\/web\/?page_id=2"},"modified":"2026-03-17T09:23:27","modified_gmt":"2026-03-17T07:23:27","slug":"esimerkkisivu","status":"publish","type":"page","link":"https:\/\/myynti.competencex.fi\/web\/","title":{"rendered":"Tervetuloa Competence X:n sivuille!"},"content":{"rendered":"\n<figure class=\"wp-block-image size-large\"><img loading=\"lazy\" decoding=\"async\" width=\"1024\" height=\"683\" src=\"https:\/\/myynti.competencex.fi\/web\/wp-content\/uploads\/sites\/2\/2025\/10\/iphone-11-pro-mockup-featuring-a-woman-holding-her-phone-2129-el1-3-1024x683.png\" alt=\"\" class=\"wp-image-26\" srcset=\"https:\/\/myynti.competencex.fi\/web\/wp-content\/uploads\/sites\/2\/2025\/10\/iphone-11-pro-mockup-featuring-a-woman-holding-her-phone-2129-el1-3-1024x683.png 1024w, https:\/\/myynti.competencex.fi\/web\/wp-content\/uploads\/sites\/2\/2025\/10\/iphone-11-pro-mockup-featuring-a-woman-holding-her-phone-2129-el1-3-300x200.png 300w, https:\/\/myynti.competencex.fi\/web\/wp-content\/uploads\/sites\/2\/2025\/10\/iphone-11-pro-mockup-featuring-a-woman-holding-her-phone-2129-el1-3-768x512.png 768w, https:\/\/myynti.competencex.fi\/web\/wp-content\/uploads\/sites\/2\/2025\/10\/iphone-11-pro-mockup-featuring-a-woman-holding-her-phone-2129-el1-3-1536x1024.png 1536w, https:\/\/myynti.competencex.fi\/web\/wp-content\/uploads\/sites\/2\/2025\/10\/iphone-11-pro-mockup-featuring-a-woman-holding-her-phone-2129-el1-3.png 1920w\" sizes=\"auto, (max-width: 1024px) 100vw, 1024px\" \/><\/figure>\n\n\n\n<p>Klikkaa t\u00e4st\u00e4 jatkaaksesi:<\/p>\n\n\n\n<p><a href=\"https:\/\/myynti.competencex.fi\/lms\/\">Siirry t\u00e4st\u00e4 Mobien myynnin sivuille<\/a><\/p>\n\n\n\n<p><\/p>\n","protected":false},"excerpt":{"rendered":"<p>Klikkaa t\u00e4st\u00e4 jatkaaksesi: Siirry t\u00e4st\u00e4 Mobien myynnin sivuille<\/p>\n","protected":false},"author":1,"featured_media":0,"parent":0,"menu_order":0,"comment_status":"closed","ping_status":"open","template":"","meta":{"footnotes":""},"class_list":["post-2","page","type-page","status-publish","hentry"],"_links":{"self":[{"href":"https:\/\/myynti.competencex.fi\/web\/wp-json\/wp\/v2\/pages\/2","targetHints":{"allow":["GET"]}}],"collection":[{"href":"https:\/\/myynti.competencex.fi\/web\/wp-json\/wp\/v2\/pages"}],"about":[{"href":"https:\/\/myynti.competencex.fi\/web\/wp-json\/wp\/v2\/types\/page"}],"author":[{"embeddable":true,"href":"https:\/\/myynti.competencex.fi\/web\/wp-json\/wp\/v2\/users\/1"}],"replies":[{"embeddable":true,"href":"https:\/\/myynti.competencex.fi\/web\/wp-json\/wp\/v2\/comments?post=2"}],"version-history":[{"count":2,"href":"https:\/\/myynti.competencex.fi\/web\/wp-json\/wp\/v2\/pages\/2\/revisions"}],"predecessor-version":[{"id":36,"href":"https:\/\/myynti.competencex.fi\/web\/wp-json\/wp\/v2\/pages\/2\/revisions\/36"}],"wp:attachment":[{"href":"https:\/\/myynti.competencex.fi\/web\/wp-json\/wp\/v2\/media?parent=2"}],"curies":[{"name":"wp","href":"https:\/\/api.w.org\/{rel}","templated":true}]}}