{"id":27,"date":"2025-10-09T09:13:26","date_gmt":"2025-10-09T06:13:26","guid":{"rendered":"https:\/\/myynti.competencex.fi\/lms\/?page_id=27"},"modified":"2025-10-09T10:29:48","modified_gmt":"2025-10-09T07:29:48","slug":"etusivu","status":"publish","type":"page","link":"https:\/\/myynti.competencex.fi\/lms\/","title":{"rendered":"Etusivu"},"content":{"rendered":"\n<figure class=\"wp-block-image size-full\"><img loading=\"lazy\" decoding=\"async\" width=\"880\" height=\"400\" src=\"https:\/\/myynti.competencex.fi\/lms\/wp-content\/uploads\/sites\/3\/2025\/10\/image.png\" alt=\"\" class=\"wp-image-40\" srcset=\"https:\/\/myynti.competencex.fi\/lms\/wp-content\/uploads\/sites\/3\/2025\/10\/image.png 880w, https:\/\/myynti.competencex.fi\/lms\/wp-content\/uploads\/sites\/3\/2025\/10\/image-300x136.png 300w, https:\/\/myynti.competencex.fi\/lms\/wp-content\/uploads\/sites\/3\/2025\/10\/image-768x349.png 768w, https:\/\/myynti.competencex.fi\/lms\/wp-content\/uploads\/sites\/3\/2025\/10\/image-624x284.png 624w\" sizes=\"auto, (max-width: 880px) 100vw, 880px\" \/><\/figure>\n\n\n\n<h2 class=\"wp-block-heading\">Tervetuloa Mobien myynnin sivulle! <\/h2>\n\n\n\n<p>Kun katsot oppimisymp\u00e4rist\u00f6\u00e4 tietokoneella, l\u00f6yd\u00e4t vasemmasta valikosta kaikki sinun oppimiseesi ja oppimisymp\u00e4rist\u00f6n hallinnointiin liittyv\u00e4t linkit ja ylh\u00e4\u00e4lt\u00e4 oikealta sinun profiilisi sek\u00e4 siihen liittyv\u00e4t asetukset. Mobiilissa l\u00f6yd\u00e4t kaikki linkit vasemman yl\u00e4valikon takaa.<\/p>\n","protected":false},"excerpt":{"rendered":"<p>Tervetuloa Mobien myynnin sivulle! Kun katsot oppimisymp\u00e4rist\u00f6\u00e4 tietokoneella, l\u00f6yd\u00e4t vasemmasta valikosta kaikki sinun oppimiseesi ja oppimisymp\u00e4rist\u00f6n hallinnointiin liittyv\u00e4t linkit ja ylh\u00e4\u00e4lt\u00e4 oikealta sinun profiilisi sek\u00e4&hellip;<\/p>\n","protected":false},"author":4,"featured_media":0,"parent":0,"menu_order":0,"comment_status":"closed","ping_status":"closed","template":"","meta":{"footnotes":""},"class_list":["post-27","page","type-page","status-publish","hentry"],"_links":{"self":[{"href":"https:\/\/myynti.competencex.fi\/lms\/wp-json\/wp\/v2\/pages\/27","targetHints":{"allow":["GET"]}}],"collection":[{"href":"https:\/\/myynti.competencex.fi\/lms\/wp-json\/wp\/v2\/pages"}],"about":[{"href":"https:\/\/myynti.competencex.fi\/lms\/wp-json\/wp\/v2\/types\/page"}],"author":[{"embeddable":true,"href":"https:\/\/myynti.competencex.fi\/lms\/wp-json\/wp\/v2\/users\/4"}],"replies":[{"embeddable":true,"href":"https:\/\/myynti.competencex.fi\/lms\/wp-json\/wp\/v2\/comments?post=27"}],"version-history":[{"count":7,"href":"https:\/\/myynti.competencex.fi\/lms\/wp-json\/wp\/v2\/pages\/27\/revisions"}],"predecessor-version":[{"id":254,"href":"https:\/\/myynti.competencex.fi\/lms\/wp-json\/wp\/v2\/pages\/27\/revisions\/254"}],"wp:attachment":[{"href":"https:\/\/myynti.competencex.fi\/lms\/wp-json\/wp\/v2\/media?parent=27"}],"curies":[{"name":"wp","href":"https:\/\/api.w.org\/{rel}","templated":true}]}}